{"id":88,"date":"2011-02-16T18:24:32","date_gmt":"2011-02-16T18:24:32","guid":{"rendered":"http:\/\/www.geneslay.fr\/?page_id=88"},"modified":"2014-08-20T21:48:05","modified_gmt":"2014-08-20T21:48:05","slug":"bulletin-municipal","status":"publish","type":"page","link":"https:\/\/www.geneslay.fr\/?page_id=88","title":{"rendered":"Infos municipales"},"content":{"rendered":"<p><span style=\"color: #800000;\"><strong>HORAIRES D&rsquo;OUVERTURE DU SECR\u00c9TARIAT DE LA MAIRIE<\/strong><\/span><\/p>\n<p>Lundi: de 9 h \u00e0 12 h 30<\/p>\n<p>Vendredi: de 14 h \u00e0 17h 00<\/p>\n<p>T\u00e9l\u00e9phone: 02.33.38.26.98<\/p>\n<p><a href=\"mailto:mairie.geneslay@wanadoo.fr\">mairie.geneslay@wanadoo.fr<\/a><\/p>\n<p><span style=\"color: #333399;\"><span style=\"color: #800000;\"><strong>COMMUNAUT\u00c9 DE COMMUNES DU PAYS D&rsquo;ANDAINE<\/strong><\/span><\/span><\/p>\n<p>Bureaux ouverts du lundi au vendredi de 9 h \u00e0 12 h<\/p>\n<p>T\u00e9l\u00e9phone: 02.33.37.95.15<\/p>\n<p><span style=\"color: #800000;\"><strong>RAMASSAGE DES ORDURES M\u00c9NAG\u00adERES<\/strong><\/span><\/p>\n<p>Lundi matin\u00a0(y compris les jours f\u00e9ri\u00e9s).<\/p>\n<p><span style=\"color: #800000;\"><strong>D\u00c9CHETTERIE<\/strong><\/span><\/p>\n<p>Adresse: rue de la Gare &#8211; 61140 Juvigny sous Andaine<\/p>\n<p>Horaires d&rsquo;ouverture: lundi et mercredi de 14 h \u00e0 17 h 45 et le samedi de 9 h \u00e0 11 h 45 et de 14 h \u00e0 17 h 45<\/p>\n<p>T\u00e9l\u00e9phone: 02.33.37.95.15<\/p>\n<p><span style=\"color: #800000;\"><strong>TRI S\u00c9LECTIF<\/strong><\/span><\/p>\n<p>Des containers sont plac\u00e9s sur le parking pr\u00e8s de l&rsquo;arr\u00eat de bus.<\/p>\n","protected":false},"excerpt":{"rendered":"<p>HORAIRES D&rsquo;OUVERTURE DU SECR\u00c9TARIAT DE LA MAIRIE Lundi: de 9 h \u00e0 12 h 30 Vendredi: de 14 h \u00e0 17h 00 T\u00e9l\u00e9phone: 02.33.38.26.98 mairie.geneslay@wanadoo.fr COMMUNAUT\u00c9 DE COMMUNES DU PAYS D&rsquo;ANDAINE Bureaux ouverts du lundi au vendredi de 9 h \u00e0 12 h T\u00e9l\u00e9phone: 02.33.37.95.15 RAMASSAGE DES ORDURES M\u00c9NAG\u00adERES Lundi matin\u00a0(y compris les jours f\u00e9ri\u00e9s). [&hellip;]<\/p>\n","protected":false},"author":3,"featured_media":0,"parent":2,"menu_order":20,"comment_status":"closed","ping_status":"closed","template":"template-onecolumn.php","meta":{"_et_pb_use_builder":"","_et_pb_old_content":"","_et_gb_content_width":"","footnotes":""},"class_list":["post-88","page","type-page","status-publish","hentry"],"_links":{"self":[{"href":"https:\/\/www.geneslay.fr\/index.php?rest_route=\/wp\/v2\/pages\/88","targetHints":{"allow":["GET"]}}],"collection":[{"href":"https:\/\/www.geneslay.fr\/index.php?rest_route=\/wp\/v2\/pages"}],"about":[{"href":"https:\/\/www.geneslay.fr\/index.php?rest_route=\/wp\/v2\/types\/page"}],"author":[{"embeddable":true,"href":"https:\/\/www.geneslay.fr\/index.php?rest_route=\/wp\/v2\/users\/3"}],"replies":[{"embeddable":true,"href":"https:\/\/www.geneslay.fr\/index.php?rest_route=%2Fwp%2Fv2%2Fcomments&post=88"}],"version-history":[{"count":10,"href":"https:\/\/www.geneslay.fr\/index.php?rest_route=\/wp\/v2\/pages\/88\/revisions"}],"predecessor-version":[{"id":828,"href":"https:\/\/www.geneslay.fr\/index.php?rest_route=\/wp\/v2\/pages\/88\/revisions\/828"}],"up":[{"embeddable":true,"href":"https:\/\/www.geneslay.fr\/index.php?rest_route=\/wp\/v2\/pages\/2"}],"wp:attachment":[{"href":"https:\/\/www.geneslay.fr\/index.php?rest_route=%2Fwp%2Fv2%2Fmedia&parent=88"}],"curies":[{"name":"wp","href":"https:\/\/api.w.org\/{rel}","templated":true}]}}