{"id":65,"date":"2011-02-16T17:53:39","date_gmt":"2011-02-16T17:53:39","guid":{"rendered":"http:\/\/www.geneslay.fr\/?page_id=65"},"modified":"2011-04-05T21:14:18","modified_gmt":"2011-04-05T21:14:18","slug":"elections","status":"publish","type":"page","link":"https:\/\/www.geneslay.fr\/?page_id=65","title":{"rendered":"\u00c9lections"},"content":{"rendered":"<h2><strong><span style=\"color: #800000;\">Comment faire pour vous inscrire sur la liste \u00e9lectorale<\/span><\/strong><\/h2>\n<p><strong><em>Vous pr\u00e9senter \u00e0 la Mairie de votre domicile avant le 31 d\u00e9cembre<\/em><\/strong>, muni :<br \/>\n&#8211; d\u2019une pi\u00e8ce d\u2019identit\u00e9,<br \/>\n&#8211; d\u2019un justificatif de domicile,<br \/>\n&#8211; de votre carte d\u2019\u00e9lecteur.<\/p>\n<p>pour en savoir plus et <a href=\"http:\/\/vosdroits.service-public.fr\/particuliers\/F1952.xhtml\" target=\"_blank\">cliquez ici<\/a><\/p>\n","protected":false},"excerpt":{"rendered":"<p>Comment faire pour vous inscrire sur la liste \u00e9lectorale Vous pr\u00e9senter \u00e0 la Mairie de votre domicile avant le 31 d\u00e9cembre, muni : &#8211; d\u2019une pi\u00e8ce d\u2019identit\u00e9, &#8211; d\u2019un justificatif de domicile, &#8211; de votre carte d\u2019\u00e9lecteur. pour en savoir plus et cliquez ici<\/p>\n","protected":false},"author":3,"featured_media":0,"parent":44,"menu_order":30,"comment_status":"closed","ping_status":"closed","template":"template-onecolumn.php","meta":{"_et_pb_use_builder":"","_et_pb_old_content":"","_et_gb_content_width":"","footnotes":""},"class_list":["post-65","page","type-page","status-publish","hentry"],"_links":{"self":[{"href":"https:\/\/www.geneslay.fr\/index.php?rest_route=\/wp\/v2\/pages\/65","targetHints":{"allow":["GET"]}}],"collection":[{"href":"https:\/\/www.geneslay.fr\/index.php?rest_route=\/wp\/v2\/pages"}],"about":[{"href":"https:\/\/www.geneslay.fr\/index.php?rest_route=\/wp\/v2\/types\/page"}],"author":[{"embeddable":true,"href":"https:\/\/www.geneslay.fr\/index.php?rest_route=\/wp\/v2\/users\/3"}],"replies":[{"embeddable":true,"href":"https:\/\/www.geneslay.fr\/index.php?rest_route=%2Fwp%2Fv2%2Fcomments&post=65"}],"version-history":[{"count":6,"href":"https:\/\/www.geneslay.fr\/index.php?rest_route=\/wp\/v2\/pages\/65\/revisions"}],"predecessor-version":[{"id":360,"href":"https:\/\/www.geneslay.fr\/index.php?rest_route=\/wp\/v2\/pages\/65\/revisions\/360"}],"up":[{"embeddable":true,"href":"https:\/\/www.geneslay.fr\/index.php?rest_route=\/wp\/v2\/pages\/44"}],"wp:attachment":[{"href":"https:\/\/www.geneslay.fr\/index.php?rest_route=%2Fwp%2Fv2%2Fmedia&parent=65"}],"curies":[{"name":"wp","href":"https:\/\/api.w.org\/{rel}","templated":true}]}}