{"id":61,"date":"2011-02-16T17:51:22","date_gmt":"2011-02-16T17:51:22","guid":{"rendered":"http:\/\/www.geneslay.fr\/?page_id=61"},"modified":"2011-03-30T11:22:25","modified_gmt":"2011-03-30T11:22:25","slug":"liens-utiles","status":"publish","type":"page","link":"https:\/\/www.geneslay.fr\/?page_id=61","title":{"rendered":"Liens utiles"},"content":{"rendered":"<p><a href=\"http:\/\/www.cg61.fr\/\"><strong>CONSEIL GENERAL DE L\u2019ORNE<\/strong><\/a><br \/>\nD\u00e9couvrir, vivre et entreprendre dans l\u2019Orne.<\/p>\n<p><a href=\"http:\/\/www.cr-basse-normandie.fr\/\"><strong>CONSEIL REGIONAL DE BASSE NORMANDIE<\/strong><\/a><br \/>\nL\u2019actualit\u00e9 et les services de la r\u00e9gion.<\/p>\n<p><a href=\"http:\/\/www.service-public.fr\/formulaires\/index.html\"><strong>LES DOCUMENTS CERFA<\/strong><\/a><br \/>\nPour t\u00e9l\u00e9charger tous les formulaires CERFA.<\/p>\n<p><a href=\"http:\/\/www.orne.pref.gouv.fr\/\"><strong>PREFECTURE DE L\u2019ORNE<\/strong><\/a><br \/>\nPermis de conduire, carte grise, passeport etc.<\/p>\n<p><a href=\"http:\/\/www.meteo.fr\/\"><strong>METEO FRANCE<\/strong><\/a><br \/>\nLes pr\u00e9visions m\u00e9t\u00e9orologiques.<\/p>\n<p><a href=\"http:\/\/www.impots.gouv.fr\/\"><strong>LA DIRECTION GENERALE DES IMPOTS<\/strong><\/a><br \/>\nCalcul du montant de son imposition, d\u00e9claration en ligne, demande de mensualisation.<\/p>\n<p><a href=\"http:\/\/www.anpe.fr\/\"><strong>POLE EMPLOI<\/strong><\/a><br \/>\nConsultation ou abonnement aux offres d\u2019emploi et candidatures aux annonces de l\u2019APEC.<\/p>\n<p><a href=\"http:\/\/www.orne.caf.fr\/\"><strong>CAISSE D\u2019ALLOCATIONS FAMILIALES DE L\u2019ORNE<\/strong><\/a><br \/>\nSuivi des dossier d\u2019allocations familiales, paiements, remboursements, attestations.<br \/>\nCalcul de l\u2019aide au logement.<\/p>\n<p><a href=\"http:\/\/www.ameli.fr\/\"><strong>SECURITE SOCIALE<\/strong><\/a><br \/>\nConsultation des remboursements de la s\u00e9curit\u00e9 sociale.<\/p>\n<p><a href=\"http:\/\/www.cnous.fr\/\"><strong>ETUDIANT<\/strong><\/a><br \/>\nDemande de bourse ou de logement \u00e9tudiant.<\/p>\n<p><a href=\"http:\/\/www.service-public.fr\/\"><strong>SERVICE PUBLIC<\/strong><\/a><br \/>\nVos droits et d\u00e9marches \u2013 formulaires \u2013 adresses utiles.<\/p>\n<p><a href=\"https:\/\/www.cjn.justice.gouv.fr\/cjn\/b3\/eje20\"><strong>CASIER JUDICIAIRE<\/strong><\/a><br \/>\nDemande d\u2019extrait de casier judiciaire \u2013 bulletin n\u00b03.<br \/>\nLes envois de bulletins n\u00b03 sont effectu\u00e9s par lettre recommand\u00e9e avec accus\u00e9 de r\u00e9ception lorsque le bulletin porte mention d\u2019une condamnation.<\/p>\n<p><a href=\"http:\/\/www.interieur.gouv.fr\/sections\/a_votre_service\/vos_demarches\" target=\"_blank\"><strong>VOS D\u00c9MARCHES<\/strong><br \/>\n<\/a>Suivi de vos d\u00e9marches administratives.<\/p>\n","protected":false},"excerpt":{"rendered":"<p>CONSEIL GENERAL DE L\u2019ORNE D\u00e9couvrir, vivre et entreprendre dans l\u2019Orne. CONSEIL REGIONAL DE BASSE NORMANDIE L\u2019actualit\u00e9 et les services de la r\u00e9gion. LES DOCUMENTS CERFA Pour t\u00e9l\u00e9charger tous les formulaires CERFA. PREFECTURE DE L\u2019ORNE Permis de conduire, carte grise, passeport etc. METEO FRANCE Les pr\u00e9visions m\u00e9t\u00e9orologiques. LA DIRECTION GENERALE DES IMPOTS Calcul du montant de [&hellip;]<\/p>\n","protected":false},"author":3,"featured_media":0,"parent":0,"menu_order":80,"comment_status":"closed","ping_status":"closed","template":"template-onecolumn.php","meta":{"_et_pb_use_builder":"","_et_pb_old_content":"","_et_gb_content_width":"","footnotes":""},"class_list":["post-61","page","type-page","status-publish","hentry"],"_links":{"self":[{"href":"https:\/\/www.geneslay.fr\/index.php?rest_route=\/wp\/v2\/pages\/61","targetHints":{"allow":["GET"]}}],"collection":[{"href":"https:\/\/www.geneslay.fr\/index.php?rest_route=\/wp\/v2\/pages"}],"about":[{"href":"https:\/\/www.geneslay.fr\/index.php?rest_route=\/wp\/v2\/types\/page"}],"author":[{"embeddable":true,"href":"https:\/\/www.geneslay.fr\/index.php?rest_route=\/wp\/v2\/users\/3"}],"replies":[{"embeddable":true,"href":"https:\/\/www.geneslay.fr\/index.php?rest_route=%2Fwp%2Fv2%2Fcomments&post=61"}],"version-history":[{"count":9,"href":"https:\/\/www.geneslay.fr\/index.php?rest_route=\/wp\/v2\/pages\/61\/revisions"}],"predecessor-version":[{"id":903,"href":"https:\/\/www.geneslay.fr\/index.php?rest_route=\/wp\/v2\/pages\/61\/revisions\/903"}],"wp:attachment":[{"href":"https:\/\/www.geneslay.fr\/index.php?rest_route=%2Fwp%2Fv2%2Fmedia&parent=61"}],"curies":[{"name":"wp","href":"https:\/\/api.w.org\/{rel}","templated":true}]}}