{"id":598,"date":"2011-08-16T10:30:30","date_gmt":"2011-08-16T10:30:30","guid":{"rendered":"http:\/\/www.geneslay.fr\/?page_id=598"},"modified":"2011-08-16T13:28:24","modified_gmt":"2011-08-16T13:28:24","slug":"redevances-d%e2%80%99assainissement","status":"publish","type":"page","link":"https:\/\/www.geneslay.fr\/?page_id=598","title":{"rendered":"Redevances d\u2019assainissement"},"content":{"rendered":"<h2><a href=\"https:\/\/www.geneslay.fr\/wp-content\/uploads\/REDEVANCEASSAINISSEMENT2005.pdf\" target=\"_blank\">\ufeff<\/a><strong><em><span style=\"text-decoration: underline;\"><span style=\"font-family: Times New Roman;\"><a href=\"https:\/\/www.geneslay.fr\/wp-content\/uploads\/REDEVANCEASSAINISSEMENT2005.pdf\" target=\"_blank\"><img loading=\"lazy\" decoding=\"async\" class=\"alignnone size-full wp-image-241\" style=\"border: 0px;\" title=\"Imprimer\" src=\"https:\/\/www.geneslay.fr\/wp-content\/uploads\/LOGO-DOCUMENT-PDF-PM.jpg\" alt=\"\" width=\"36\" height=\"42\" \/><\/a><\/span><\/span><span style=\"font-family: Times New Roman;\">\u00a0<\/span><span style=\"font-family: Times New Roman;\"> <\/span><span style=\"text-decoration: underline;\"><span style=\"font-family: Times New Roman;\">Redevances d\u2019assainissement\u00a0:<\/span><\/span><span style=\"font-family: Times New Roman;\"> <\/span><\/em><\/strong><\/h2>\n<h3><strong><em><\/em><\/strong><span style=\"font-family: Times New Roman;\">le conseil municipal, dans sa r\u00e9union du 30 mars 2005, a fix\u00e9 les redevances ci-dessous, \u00e0 compter du 1<\/span><sup><span style=\"font-family: Times New Roman; font-size: large;\">e<\/span><\/sup><span style=\"font-family: Times New Roman;\"> avril 2005.<\/span><\/h3>\n<h3><span style=\"font-family: Wingdings;\">\u00a7<\/span>\u00a0\u00a0\u00a0\u00a0\u00a0\u00a0 <span style=\"font-family: Times New Roman;\">Partie fixe (abonnement) \u00e0 120 euros par an,<\/span><\/h3>\n<h3><span style=\"font-family: Wingdings;\">\u00a7<\/span>\u00a0\u00a0\u00a0\u00a0\u00a0\u00a0 <span style=\"font-family: Times New Roman;\">Partie variable\u00a0: 1,50 \u20ac le m3,<\/span><\/h3>\n<h3 style=\"text-align: justify;\"><span style=\"font-family: Times New Roman;\">Toute personne tenue de se raccorder au r\u00e9seau et qui s\u2019alimente totalement ou partiellement \u00e0 une source, paiera une redevance fix\u00e9e \u00e0 50 m3 par an et par personne et l\u2019abonnement de 120 euros par an.<\/span><\/h3>\n<h3 style=\"text-align: justify;\"><span style=\"font-family: Times New Roman;\">Toutes les maisons raccordables seront redevables de la somme \u00e9quivalente \u00e0 la redevance institu\u00e9e ci-dessus, conform\u00e9ment \u00e0 l\u2019article L1331-1 du code de la sant\u00e9 publique.<\/span><\/h3>\n","protected":false},"excerpt":{"rendered":"<p>\ufeff\u00a0 Redevances d\u2019assainissement\u00a0: le conseil municipal, dans sa r\u00e9union du 30 mars 2005, a fix\u00e9 les redevances ci-dessous, \u00e0 compter du 1e avril 2005. \u00a7\u00a0\u00a0\u00a0\u00a0\u00a0\u00a0 Partie fixe (abonnement) \u00e0 120 euros par an, \u00a7\u00a0\u00a0\u00a0\u00a0\u00a0\u00a0 Partie variable\u00a0: 1,50 \u20ac le m3, Toute personne tenue de se raccorder au r\u00e9seau et qui s\u2019alimente totalement ou partiellement \u00e0 [&hellip;]<\/p>\n","protected":false},"author":2,"featured_media":0,"parent":98,"menu_order":40,"comment_status":"closed","ping_status":"closed","template":"template-onecolumn.php","meta":{"_et_pb_use_builder":"","_et_pb_old_content":"","_et_gb_content_width":"","footnotes":""},"class_list":["post-598","page","type-page","status-publish","hentry"],"_links":{"self":[{"href":"https:\/\/www.geneslay.fr\/index.php?rest_route=\/wp\/v2\/pages\/598","targetHints":{"allow":["GET"]}}],"collection":[{"href":"https:\/\/www.geneslay.fr\/index.php?rest_route=\/wp\/v2\/pages"}],"about":[{"href":"https:\/\/www.geneslay.fr\/index.php?rest_route=\/wp\/v2\/types\/page"}],"author":[{"embeddable":true,"href":"https:\/\/www.geneslay.fr\/index.php?rest_route=\/wp\/v2\/users\/2"}],"replies":[{"embeddable":true,"href":"https:\/\/www.geneslay.fr\/index.php?rest_route=%2Fwp%2Fv2%2Fcomments&post=598"}],"version-history":[{"count":20,"href":"https:\/\/www.geneslay.fr\/index.php?rest_route=\/wp\/v2\/pages\/598\/revisions"}],"predecessor-version":[{"id":603,"href":"https:\/\/www.geneslay.fr\/index.php?rest_route=\/wp\/v2\/pages\/598\/revisions\/603"}],"up":[{"embeddable":true,"href":"https:\/\/www.geneslay.fr\/index.php?rest_route=\/wp\/v2\/pages\/98"}],"wp:attachment":[{"href":"https:\/\/www.geneslay.fr\/index.php?rest_route=%2Fwp%2Fv2%2Fmedia&parent=598"}],"curies":[{"name":"wp","href":"https:\/\/api.w.org\/{rel}","templated":true}]}}