{"id":53,"date":"2011-02-16T17:44:58","date_gmt":"2011-02-16T17:44:58","guid":{"rendered":"http:\/\/www.geneslay.fr\/?page_id=53"},"modified":"2011-04-03T10:53:12","modified_gmt":"2011-04-03T10:53:12","slug":"urbanisme","status":"publish","type":"page","link":"https:\/\/www.geneslay.fr\/?page_id=53","title":{"rendered":"Urbanisme"},"content":{"rendered":"<h3 style=\"text-align: center;\"><span style=\"color: #800000;\">Toute construction est soumise \u00e0 l&rsquo;obtention d&rsquo;une autorisation d&rsquo;urbanisme.<\/span><\/h3>\n<h3><em>\u00a0<\/em><\/h3>\n<h3><em>Vous trouvrerez ci-dessous les diffentes formalit\u00e9s \u00e0 accomplir selon votre projet.<\/em><\/h3>\n<p>\u00a0<\/p>\n<table border=\"1\" cellspacing=\"0\" cellpadding=\"0\">\n<tbody>\n<tr>\n<td width=\"487\" valign=\"top\"><strong>PROJET<\/strong><\/td>\n<td width=\"192\" valign=\"top\"><strong>FORMULAIRE<\/strong><\/td>\n<\/tr>\n<tr>\n<td width=\"487\" valign=\"top\">Construction neuve sup\u00e9rieure \u00e0 20 m\u00b2<\/td>\n<td width=\"192\" valign=\"top\">Permis de construire<\/td>\n<\/tr>\n<tr>\n<td width=\"487\" valign=\"top\">D\u00e9molition et reconstruction sup\u00e9rieure \u00e0 20 m\u00b2<\/td>\n<td width=\"192\" valign=\"top\">Permis de construire<\/td>\n<\/tr>\n<tr>\n<td width=\"487\" valign=\"top\">Construction neuve inf\u00e9rieure ou \u00e9gale \u00e0 20 m\u00b2<\/td>\n<td width=\"192\" valign=\"top\">D\u00e9claration pr\u00e9alable<\/td>\n<\/tr>\n<tr>\n<td width=\"487\" valign=\"top\">D\u00e9molition et reconstruction inf\u00e9rieure ou \u00e9gale \u00e0 20 m\u00b2<\/td>\n<td width=\"192\" valign=\"top\">D\u00e9claration pr\u00e9alable<\/td>\n<\/tr>\n<tr>\n<td width=\"487\" valign=\"top\">Travaux cr\u00e9ant une surface hors d&rsquo;\u0153uvre brut (SHOB) situ\u00e9 entre 2 m\u00b2 et 20 m\u00b2 (v\u00e9randa, pi\u00e8ce suppl\u00e9mentaire, abri de jardin m\u00eame d\u00e9montable)<\/td>\n<td width=\"192\" valign=\"top\">D\u00e9claration pr\u00e9alable<\/td>\n<\/tr>\n<tr>\n<td width=\"487\" valign=\"top\">Travaux de ravalement ou modifiant l\u2019aspect ext\u00e9rieur d\u2019un b\u00e2timent (changement de volets, de menuiserie, r\u00e9fection d\u2019une toiture)<\/td>\n<td width=\"192\" valign=\"top\">D\u00e9claration pr\u00e9alable<\/td>\n<\/tr>\n<tr>\n<td width=\"487\" valign=\"top\">Changement de destination d\u2019un b\u00e2timent existant<\/td>\n<td width=\"192\" valign=\"top\">D\u00e9claration pr\u00e9alable<\/td>\n<\/tr>\n<tr>\n<td width=\"487\" valign=\"top\">Travaux modifiant le volume d\u2019un b\u00e2timent<\/td>\n<td width=\"192\" valign=\"top\">Permis de construire<\/td>\n<\/tr>\n<tr>\n<td width=\"487\" valign=\"top\">Mur dont la hauteur est sup\u00e9rieure \u00e0 2 m\u00e8tres<\/td>\n<td width=\"192\" valign=\"top\">D\u00e9claration pr\u00e9alable<\/td>\n<\/tr>\n<tr>\n<td width=\"487\" valign=\"top\">Installation d\u2019une caravane sur un terrain pour plus de 3 mois par an<\/td>\n<td width=\"192\" valign=\"top\">D\u00e9claration pr\u00e9alable<\/td>\n<\/tr>\n<\/tbody>\n<\/table>\n","protected":false},"excerpt":{"rendered":"<p>Toute construction est soumise \u00e0 l&rsquo;obtention d&rsquo;une autorisation d&rsquo;urbanisme. \u00a0 Vous trouvrerez ci-dessous les diffentes formalit\u00e9s \u00e0 accomplir selon votre projet. \u00a0 PROJET FORMULAIRE Construction neuve sup\u00e9rieure \u00e0 20 m\u00b2 Permis de construire D\u00e9molition et reconstruction sup\u00e9rieure \u00e0 20 m\u00b2 Permis de construire Construction neuve inf\u00e9rieure ou \u00e9gale \u00e0 20 m\u00b2 D\u00e9claration pr\u00e9alable D\u00e9molition et [&hellip;]<\/p>\n","protected":false},"author":3,"featured_media":0,"parent":44,"menu_order":10,"comment_status":"closed","ping_status":"closed","template":"template-onecolumn.php","meta":{"_et_pb_use_builder":"","_et_pb_old_content":"","_et_gb_content_width":"","footnotes":""},"class_list":["post-53","page","type-page","status-publish","hentry"],"_links":{"self":[{"href":"https:\/\/www.geneslay.fr\/index.php?rest_route=\/wp\/v2\/pages\/53","targetHints":{"allow":["GET"]}}],"collection":[{"href":"https:\/\/www.geneslay.fr\/index.php?rest_route=\/wp\/v2\/pages"}],"about":[{"href":"https:\/\/www.geneslay.fr\/index.php?rest_route=\/wp\/v2\/types\/page"}],"author":[{"embeddable":true,"href":"https:\/\/www.geneslay.fr\/index.php?rest_route=\/wp\/v2\/users\/3"}],"replies":[{"embeddable":true,"href":"https:\/\/www.geneslay.fr\/index.php?rest_route=%2Fwp%2Fv2%2Fcomments&post=53"}],"version-history":[{"count":7,"href":"https:\/\/www.geneslay.fr\/index.php?rest_route=\/wp\/v2\/pages\/53\/revisions"}],"predecessor-version":[{"id":325,"href":"https:\/\/www.geneslay.fr\/index.php?rest_route=\/wp\/v2\/pages\/53\/revisions\/325"}],"up":[{"embeddable":true,"href":"https:\/\/www.geneslay.fr\/index.php?rest_route=\/wp\/v2\/pages\/44"}],"wp:attachment":[{"href":"https:\/\/www.geneslay.fr\/index.php?rest_route=%2Fwp%2Fv2%2Fmedia&parent=53"}],"curies":[{"name":"wp","href":"https:\/\/api.w.org\/{rel}","templated":true}]}}