{"id":44,"date":"2011-02-16T17:36:31","date_gmt":"2011-02-16T17:36:31","guid":{"rendered":"http:\/\/www.geneslay.fr\/?page_id=44"},"modified":"2011-04-02T21:37:01","modified_gmt":"2011-04-02T21:37:01","slug":"pratique","status":"publish","type":"page","link":"https:\/\/www.geneslay.fr\/?page_id=44","title":{"rendered":"D\u00e9marches administratives"},"content":{"rendered":"<h2><strong>Carte Identit\u00e9<\/strong><\/h2>\n<p><strong><em>Se rendre dans la mairie de son lieu d\u2019habitation<\/em><\/strong> avec :<br \/>\n&#8211;\u00a0 2 photos d\u2019identit\u00e9 identiques et r\u00e9centes,<br \/>\n&#8211; l\u2019ancienne carte d\u2019identit\u00e9,<br \/>\n&#8211; 1 justificatif de domicile<br \/>\n&#8211; un extrait ou une copie\u00a0d\u2019acte de naissance<br \/>\n&#8211; le livret de famile pour les enfants<\/p>\n<p>pour en savoir plus <a href=\"http:\/\/vosdroits.service-public.fr\/particuliers\/N358.xhtml?&amp;n=Papiers&amp;l=N21\" target=\"_blank\">cliquez ici<\/a><\/p>\n<h2><strong>Comment faire pour demander un passeport\u00a0biom\u00e9trique\u00a0?<\/strong><\/h2>\n<p>Seules 13 mairies dans l\u2019Orne sont habilit\u00e9es \u00e0 accueillir les demandes de passeport biom\u00e9trique.<\/p>\n<p>Voici la liste: Alen\u00e7on, La Fert\u00e9 Mac\u00e9, Flers, Vimoutiers, S\u00e9es, L\u2019Aigle, le Theil sur Huisne, Briouze, Mortagne au Perche, Gac\u00e9, Domfront, R\u00e9malard et Argentan.<\/p>\n<p>Il faut s\u2019y rendre avec:<\/p>\n<p>&#8211;\u00a0 2 photos d\u2019identit\u00e9 identiques et r\u00e9centes,<br \/>\n&#8211; une copie de l\u2019acte de naissance,<br \/>\n&#8211; 1 justificatif de domicile,<br \/>\n&#8211; Droit de timbre\u00a0&#8211; (tarif pouvant varier suivant fourniture de photos papier par l\u2019usager)<\/p>\n<ul>\n<li><em><strong>\u00a0Majeur<\/strong><\/em> : de 86 \u00e0 89 \u20ac,<\/li>\n<li><strong><em>\u00a0Mineur de 15 ans et plus<\/em><\/strong> : 42 \u00e0 45 \u20ac,<\/li>\n<li><strong><em>\u00a0Mineur de moins de 15 ans<\/em><\/strong> : 17 \u00e0 20 \u20ac<\/li>\n<\/ul>\n<p>&#8211; l\u2019ancien passeport.<\/p>\n<p>pour en savoir plus <a href=\"http:\/\/vosdroits.service-public.fr\/particuliers\/N360.xhtml?&amp;n=Papiers&amp;l=N21\" target=\"_blank\">cliquez ici<\/a><\/p>\n<h2><strong>D\u00e9claration de naissance<\/strong><\/h2>\n<p>La d\u00e9claration de naissance est obligatoire, <strong><em>elle s\u2019effectue \u00e0 la mairie du lieu d\u2019accouchement<\/em><\/strong>.<br \/>\nPour la reconnaissance d\u2019un enfant naturel, <strong><em>adressez vous \u00e0 n\u2019importe quelle mairie<\/em><\/strong>.<\/p>\n<h2><strong>La reconnaissance de paternit\u00e9<\/strong><\/h2>\n<p>La reconnaissance doit \u00eatre faite par le futur p\u00e8re. Elle permettra \u00e0 l\u2019enfant de porter son nom d\u00e8s la naissance, dans le cas contraire, l\u2019enfant portera le nom de la maman puisque la filiation est automatique.<\/p>\n<p>Pour un couple mari\u00e9, la reconnaissance n\u2019est plus n\u00e9cessaire car la filiation du p\u00e8re et de la m\u00e8re est automatique, seule une d\u00e9claration de choix de nom sera \u00e0 remplir lors de la d\u00e9claration de naissance.<\/p>\n<p>Il est important pour un couple non mari\u00e9 de faire une reconnaissance avant la naissance pour qu\u2019en cas de d\u00e9c\u00e8s du p\u00e8re, l\u2019enfant puisse porter le nom de celui-ci \u00e0 la naissance, et que le p\u00e8re soit identifi\u00e9 comme tel. Pour cela, il vous faut prendre rendez-vous en mairie et fournir une pi\u00e8ce d\u2019identit\u00e9. Le futur p\u00e8re peut se pr\u00e9senter seul puisque la filiation de la maman est faite automatiquement \u00e0 la naissance.<\/p>\n<h2><strong>Mariage<\/strong><\/h2>\n<p>Pour la constitution du dossier, <strong><em>adressez vous \u00e0 la mairie du domicile ou de la r\u00e9sidence de l\u2019un des futurs \u00e9poux,<\/em><\/strong> au plus tard deux mois avant la date de la c\u00e9l\u00e9bration du mariage.<\/p>\n<p>Les documents \u00e0 fournir sont les suivants:<\/p>\n<p>&#8211; la copie int\u00e9grale d\u2019acte de naissance des futurs \u00e9poux de moins de 3 mois<\/p>\n<p>&#8211; le certificat m\u00e9dical n\u2019est plus obligatoire<\/p>\n<p>&#8211; la liste de t\u00e9moins ainsi que leurs pi\u00e8ces d\u2019identit\u00e9<\/p>\n<p>&#8211; les pi\u00e8ces d\u2019identit\u00e9 des futurs \u00e9poux<\/p>\n<p>&#8211; un justificatif de domicile<\/p>\n<h2><strong>Pacte Civil de Solidarit\u00e9<\/strong><\/h2>\n<p>Le pacte civil de solidarit\u00e9 est un contrat qui est conclu entre deux personnes physiques pour organiser leur vie commune. Ces deux personnes doivent \u00eatre majeures et disposer d\u2019une r\u00e9sidence commune.<\/p>\n<p>Pour conclure un PACS, les partenaires doivent r\u00e9diger et signer une convention qui doit \u00eatre d\u00e9pos\u00e9e puis enregistr\u00e9e au greffe du Tribunal d\u2019Instance.<\/p>\n<p>Vous avez le choix entre celui de Flers, d\u2019Argentan ou d\u2019Alen\u00e7on.<\/p>\n<p>pour en savoir plus <a href=\"http:\/\/vosdroits.service-public.fr\/particuliers\/N144.xhtml\" target=\"_blank\">cliquez ici<\/a><\/p>\n<h2><strong>Sortie de territoire<\/strong><\/h2>\n<p>Se pr\u00e9senter \u00e0 la mairie, fournir le livret de famille (la pr\u00e9sence d\u2019un parent est obligatoire) et la carte de l\u2019enfant.<\/p>\n<p>D\u00e9lai d\u2019obtention: <em><strong>imm\u00e9diatement d\u00e8s la demande<\/strong><\/em>.<\/p>\n","protected":false},"excerpt":{"rendered":"<p>Carte Identit\u00e9 Se rendre dans la mairie de son lieu d\u2019habitation avec : &#8211;\u00a0 2 photos d\u2019identit\u00e9 identiques et r\u00e9centes, &#8211; l\u2019ancienne carte d\u2019identit\u00e9, &#8211; 1 justificatif de domicile &#8211; un extrait ou une copie\u00a0d\u2019acte de naissance &#8211; le livret de famile pour les enfants pour en savoir plus cliquez ici Comment faire pour demander [&hellip;]<\/p>\n","protected":false},"author":3,"featured_media":0,"parent":0,"menu_order":30,"comment_status":"closed","ping_status":"closed","template":"","meta":{"_et_pb_use_builder":"","_et_pb_old_content":"","_et_gb_content_width":"","footnotes":""},"class_list":["post-44","page","type-page","status-publish","hentry"],"_links":{"self":[{"href":"https:\/\/www.geneslay.fr\/index.php?rest_route=\/wp\/v2\/pages\/44","targetHints":{"allow":["GET"]}}],"collection":[{"href":"https:\/\/www.geneslay.fr\/index.php?rest_route=\/wp\/v2\/pages"}],"about":[{"href":"https:\/\/www.geneslay.fr\/index.php?rest_route=\/wp\/v2\/types\/page"}],"author":[{"embeddable":true,"href":"https:\/\/www.geneslay.fr\/index.php?rest_route=\/wp\/v2\/users\/3"}],"replies":[{"embeddable":true,"href":"https:\/\/www.geneslay.fr\/index.php?rest_route=%2Fwp%2Fv2%2Fcomments&post=44"}],"version-history":[{"count":4,"href":"https:\/\/www.geneslay.fr\/index.php?rest_route=\/wp\/v2\/pages\/44\/revisions"}],"predecessor-version":[{"id":46,"href":"https:\/\/www.geneslay.fr\/index.php?rest_route=\/wp\/v2\/pages\/44\/revisions\/46"}],"wp:attachment":[{"href":"https:\/\/www.geneslay.fr\/index.php?rest_route=%2Fwp%2Fv2%2Fmedia&parent=44"}],"curies":[{"name":"wp","href":"https:\/\/api.w.org\/{rel}","templated":true}]}}