{"id":329,"date":"2011-04-02T20:27:29","date_gmt":"2011-04-02T20:27:29","guid":{"rendered":"http:\/\/www.geneslay.fr\/?page_id=329"},"modified":"2011-04-02T21:56:37","modified_gmt":"2011-04-02T21:56:37","slug":"recensement-militaire","status":"publish","type":"page","link":"https:\/\/www.geneslay.fr\/?page_id=329","title":{"rendered":"Recensement militaire"},"content":{"rendered":"<h3 style=\"text-align: center;\"><strong><span style=\"color: #800000;\">Vous venez d&rsquo;avoir 16 ans, vous devez obligatoirement vous pr\u00e9senter \u00e0 la mairie.<\/span><\/strong><\/h3>\n<h3 style=\"text-align: center;\"><strong><span style=\"color: #800000;\"><img loading=\"lazy\" decoding=\"async\" class=\"aligncenter size-large wp-image-333\" title=\"RECENSEMENTMILITAIRE\" src=\"https:\/\/www.geneslay.fr\/wp-content\/uploads\/RECENSEMENTMILITAIRE-348x500.jpg\" alt=\"\" width=\"348\" height=\"500\" srcset=\"https:\/\/www.geneslay.fr\/wp-content\/uploads\/RECENSEMENTMILITAIRE-348x500.jpg 348w, https:\/\/www.geneslay.fr\/wp-content\/uploads\/RECENSEMENTMILITAIRE-208x300.jpg 208w, https:\/\/www.geneslay.fr\/wp-content\/uploads\/RECENSEMENTMILITAIRE.jpg 868w\" sizes=\"(max-width: 348px) 100vw, 348px\" \/><\/span><\/strong><\/h3>\n<h3><strong>Une attestation vous sera d\u00e9livr\u00e9e pour justifier votre inscription. Elle vous sera demand\u00e9e lors d&rsquo;un examen, un concours ou \u00e0 l&rsquo;inscription pour l&rsquo;examen du permis de conduire.<\/strong><\/h3>\n","protected":false},"excerpt":{"rendered":"<p>Vous venez d&rsquo;avoir 16 ans, vous devez obligatoirement vous pr\u00e9senter \u00e0 la mairie. Une attestation vous sera d\u00e9livr\u00e9e pour justifier votre inscription. Elle vous sera demand\u00e9e lors d&rsquo;un examen, un concours ou \u00e0 l&rsquo;inscription pour l&rsquo;examen du permis de conduire.<\/p>\n","protected":false},"author":3,"featured_media":0,"parent":44,"menu_order":25,"comment_status":"closed","ping_status":"closed","template":"","meta":{"_et_pb_use_builder":"","_et_pb_old_content":"","_et_gb_content_width":"","footnotes":""},"class_list":["post-329","page","type-page","status-publish","hentry"],"_links":{"self":[{"href":"https:\/\/www.geneslay.fr\/index.php?rest_route=\/wp\/v2\/pages\/329","targetHints":{"allow":["GET"]}}],"collection":[{"href":"https:\/\/www.geneslay.fr\/index.php?rest_route=\/wp\/v2\/pages"}],"about":[{"href":"https:\/\/www.geneslay.fr\/index.php?rest_route=\/wp\/v2\/types\/page"}],"author":[{"embeddable":true,"href":"https:\/\/www.geneslay.fr\/index.php?rest_route=\/wp\/v2\/users\/3"}],"replies":[{"embeddable":true,"href":"https:\/\/www.geneslay.fr\/index.php?rest_route=%2Fwp%2Fv2%2Fcomments&post=329"}],"version-history":[{"count":6,"href":"https:\/\/www.geneslay.fr\/index.php?rest_route=\/wp\/v2\/pages\/329\/revisions"}],"predecessor-version":[{"id":331,"href":"https:\/\/www.geneslay.fr\/index.php?rest_route=\/wp\/v2\/pages\/329\/revisions\/331"}],"up":[{"embeddable":true,"href":"https:\/\/www.geneslay.fr\/index.php?rest_route=\/wp\/v2\/pages\/44"}],"wp:attachment":[{"href":"https:\/\/www.geneslay.fr\/index.php?rest_route=%2Fwp%2Fv2%2Fmedia&parent=329"}],"curies":[{"name":"wp","href":"https:\/\/api.w.org\/{rel}","templated":true}]}}