{"id":103,"date":"2011-02-16T22:25:20","date_gmt":"2011-02-16T22:25:20","guid":{"rendered":"http:\/\/www.geneslay.fr\/?page_id=103"},"modified":"2020-06-03T14:03:39","modified_gmt":"2020-06-03T14:03:39","slug":"accueil","status":"publish","type":"page","link":"https:\/\/www.geneslay.fr\/?page_id=103","title":{"rendered":"Accueil"},"content":{"rendered":"<p>[et_pb_section][et_pb_row][et_pb_column type=\u00a0\u00bb4_4&Prime;][et_pb_text]<\/p>\n<p><span style=\"font-size: 12pt;\">Mairie de Geneslay<br \/>\n<\/span><span style=\"font-size: 12pt;\">4 Rue Victor Vivier<br \/>\n<\/span><span style=\"font-size: 12pt;\">GENESLAY <\/span><span style=\"font-size: 12pt;\">61\u00a0140 RIVES D\u2019ANDAINE<\/span><\/p>\n<hr \/>\n<h1 style=\"text-align: justify;\"><em><span style=\"color: #800000;\"><em>Le bonheur est \u00e0 Geneslay <\/em><\/span><\/em><\/h1>\n<p style=\"text-align: justify;\">La commune de Geneslay est bord\u00e9e par la rivi\u00e8re de la Mayenne sur quatre kilom\u00e8tres environ et se situe au sud de la Communaut\u00e9 de Communes du Pays d\u2019Andaine dont elle fait partie. Les ruisseaux de Louvri\u00e8res et du Lindron d\u00e9limitent Geneslay et La Chapelle d\u2019Andaine. Ils se rejoignent ensuite et parcourent le territoire communal pour se jeter dans la Mayenne. Au nord, la route d\u00e9partementale 976, tr\u00e8s fr\u00e9quent\u00e9e, traverse la commune sur quelques centaines de m\u00e8tres (Axe Paris \u2013 Mont Saint Michel).<\/p>\n<p style=\"text-align: center;\"><img loading=\"lazy\" decoding=\"async\" class=\"size-full wp-image-417 aligncenter\" title=\"COMMUNE DE GENESLAY\" src=\"https:\/\/www.geneslay.fr\/wp-content\/uploads\/ACCUEIL.gif\" alt=\"\" width=\"640\" height=\"480\" srcset=\"https:\/\/www.geneslay.fr\/wp-content\/uploads\/ACCUEIL.gif 640w, https:\/\/www.geneslay.fr\/wp-content\/uploads\/ACCUEIL-300x225.gif 300w, https:\/\/www.geneslay.fr\/wp-content\/uploads\/ACCUEIL-500x375.gif 500w\" sizes=\"(max-width: 640px) 100vw, 640px\" \/><\/p>\n<h3 style=\"text-align: justify;\"><span style=\"color: #000000;\"><strong><span style=\"color: #800000;\">Un peu d\u2019histoire :<\/span><\/strong><\/span><\/h3>\n<p style=\"text-align: justify;\">Le 15 Janvier 1790, lors de la cr\u00e9ation du d\u00e9partement de l\u2019Orne, Geneslay n\u2019en fait pas partie.<\/p>\n<p style=\"text-align: justify;\">Geneslay fait partie de la province du Maine jusqu\u2019en 1831. En 1832, la commune sera rattach\u00e9e au canton de Juvigny (qui a \u00e9t\u00e9 cr\u00e9\u00e9 en 1800).<\/p>\n<p style=\"text-align: justify;\">L\u2019Eglise, du 17\u00e8me si\u00e8cle, est d\u00e9di\u00e9e \u00e0 Saint Hilaire. De style roman remani\u00e9, elle a \u00e9t\u00e9 class\u00e9e \u00e0 l\u2019inventaire d\u00e9partemental en 1969. Elle abrite un ma\u00eetre-h\u00f4tel, un tabernacle, un retable du 17\u00e8me si\u00e8cle, un tableau de l\u2019Assomption, de nombreuses statues dont celles de Sainte Marthe et Sainte Anne.<\/p>\n<p style=\"text-align: justify;\">Il faut noter que Geneslay fut la commune du c\u00e9l\u00e8bre conteur normand <a href=\"https:\/\/www.geneslay.fr\/?page_id=94\" target=\"_blank\" rel=\"noopener noreferrer\">Victor VIVIER\u00a0<\/a>\u00a0<em>(extraits: <\/em><a href=\"https:\/\/www.geneslay.fr\/wp-content\/uploads\/Victor-Vivier-La-Jambe-De-Bois-Beezik-remercie-Beezik.mp3\"><em>La Jambe De Bois<\/em><\/a><em>\u00a0, <\/em><a href=\"https:\/\/www.geneslay.fr\/wp-content\/uploads\/Victor-Vivier-Sur-Le-March\u00e9-Beezik-remercie-Beezik.mp3\"><em>Sur Le March\u00e9\u00a0<\/em><\/a><em>\u00a0, <\/em><a href=\"https:\/\/www.geneslay.fr\/wp-content\/uploads\/Victor-Vivier-Histoires-De-Cin\u00e9ma-Beezik-remercie-Beezik.mp3\"><em>Histoires De Cin\u00e9ma<\/em><\/a><em>)<\/em> d\u00e9c\u00e9d\u00e9 en 2003 et dont une rue porte son nom.<\/p>\n<p>[\/et_pb_text][\/et_pb_column][\/et_pb_row][\/et_pb_section]<\/p>\n","protected":false},"excerpt":{"rendered":"<p><div class=\"et_pb_section et_pb_section_0 et_section_regular\" >\n\t\t\t\t\n\t\t\t\t\n\t\t\t\t\n\t\t\t\t\n\t\t\t\t\n\t\t\t\t\n\t\t\t\t\n\t\t\t\t\n\t\t\t\t\n\t\t\t<\/div><div class=\"et_pb_row et_pb_row_0 et_pb_row_empty\">\n\t\t\t\t\n\t\t\t\t\n\t\t\t\t\n\t\t\t\t\n\t\t\t\t\n\t\t\t<\/div><div class=\"et_pb_module et_pb_text et_pb_text_0  et_pb_text_align_left et_pb_bg_layout_light\">\n\t\t\t\t\n\t\t\t\t\n\t\t\t\t\n\t\t\t\t\n\t\t\t\t\n\t\t\t<\/div> Mairie de Geneslay 4 Rue Victor Vivier GENESLAY 61\u00a0140 RIVES D\u2019ANDAINE Le bonheur est \u00e0 Geneslay La commune de Geneslay est bord\u00e9e par la rivi\u00e8re de la Mayenne sur quatre kilom\u00e8tres environ et se situe au sud de la Communaut\u00e9 de Communes du Pays d\u2019Andaine dont elle fait partie. Les ruisseaux de Louvri\u00e8res et [&hellip;]<\/p>\n","protected":false},"author":2,"featured_media":0,"parent":0,"menu_order":0,"comment_status":"closed","ping_status":"closed","template":"","meta":{"_et_pb_use_builder":"on","_et_pb_old_content":"<p><span style=\"font-size: 12pt;\">Mairie de Geneslay<br \/><\/span><span style=\"font-size: 12pt;\">4 Rue Victor Vivier<br \/><\/span><span style=\"font-size: 12pt;\">GENESLAY <\/span><span style=\"font-size: 12pt;\">61\u00a0140 RIVES D\u2019ANDAINE<\/span><\/p><hr \/><h1 style=\"text-align: justify;\"><em><span style=\"color: #800000;\"><em>Le bonheur est \u00e0 Geneslay <\/em><\/span><\/em><\/h1><p style=\"text-align: justify;\">La commune de Geneslay est bord\u00e9e par la rivi\u00e8re de la Mayenne sur quatre kilom\u00e8tres environ et se situe au sud de la Communaut\u00e9 de Communes du Pays d\u2019Andaine dont elle fait partie. Les ruisseaux de Louvri\u00e8res et du Lindron d\u00e9limitent Geneslay et La Chapelle d\u2019Andaine. Ils se rejoignent ensuite et parcourent le territoire communal pour se jeter dans la Mayenne. Au nord, la route d\u00e9partementale 976, tr\u00e8s fr\u00e9quent\u00e9e, traverse la commune sur quelques centaines de m\u00e8tres (Axe Paris \u2013 Mont Saint Michel).<\/p><p style=\"text-align: center;\"><img class=\"size-full wp-image-417 aligncenter\" title=\"COMMUNE DE GENESLAY\" src=\"http:\/\/www.geneslay.fr\/wp-content\/uploads\/ACCUEIL.gif\" alt=\"\" width=\"640\" height=\"480\" \/><\/p><h3 style=\"text-align: justify;\"><span style=\"color: #000000;\"><strong><span style=\"color: #800000;\">Un peu d\u2019histoire :<\/span><\/strong><\/span><\/h3><p style=\"text-align: justify;\">Le 15 Janvier 1790, lors de la cr\u00e9ation du d\u00e9partement de l\u2019Orne, Geneslay n\u2019en fait pas partie.<\/p><p style=\"text-align: justify;\">Geneslay fait partie de la province du Maine jusqu\u2019en 1831. En 1832, la commune sera rattach\u00e9e au canton de Juvigny (qui a \u00e9t\u00e9 cr\u00e9\u00e9 en 1800).<\/p><p style=\"text-align: justify;\">L\u2019Eglise, du 17\u00e8me si\u00e8cle, est d\u00e9di\u00e9e \u00e0 Saint Hilaire. De style roman remani\u00e9, elle a \u00e9t\u00e9 class\u00e9e \u00e0 l\u2019inventaire d\u00e9partemental en 1969. Elle abrite un ma\u00eetre-h\u00f4tel, un tabernacle, un retable du 17\u00e8me si\u00e8cle, un tableau de l\u2019Assomption, de nombreuses statues dont celles de Sainte Marthe et Sainte Anne.<\/p><p style=\"text-align: justify;\">Il faut noter que Geneslay fut la commune du c\u00e9l\u00e8bre conteur normand <a href=\"http:\/\/www.geneslay.fr\/?page_id=94\" target=\"_blank\" rel=\"noopener\">Victor VIVIER\u00a0<\/a>\u00a0<em>(extraits: <\/em><a href=\"http:\/\/www.geneslay.fr\/wp-content\/uploads\/Victor-Vivier-La-Jambe-De-Bois-Beezik-remercie-Beezik.mp3\"><em>La Jambe De Bois<\/em><\/a><em>\u00a0, <\/em><a href=\"http:\/\/www.geneslay.fr\/wp-content\/uploads\/Victor-Vivier-Sur-Le-March\u00e9-Beezik-remercie-Beezik.mp3\"><em>Sur Le March\u00e9\u00a0<\/em><\/a><em>\u00a0, <\/em><a href=\"http:\/\/www.geneslay.fr\/wp-content\/uploads\/Victor-Vivier-Histoires-De-Cin\u00e9ma-Beezik-remercie-Beezik.mp3\"><em>Histoires De Cin\u00e9ma<\/em><\/a><em>)<\/em> d\u00e9c\u00e9d\u00e9 en 2003 et dont une rue porte son nom.<\/p>","_et_gb_content_width":"","footnotes":""},"class_list":["post-103","page","type-page","status-publish","hentry"],"_links":{"self":[{"href":"https:\/\/www.geneslay.fr\/index.php?rest_route=\/wp\/v2\/pages\/103","targetHints":{"allow":["GET"]}}],"collection":[{"href":"https:\/\/www.geneslay.fr\/index.php?rest_route=\/wp\/v2\/pages"}],"about":[{"href":"https:\/\/www.geneslay.fr\/index.php?rest_route=\/wp\/v2\/types\/page"}],"author":[{"embeddable":true,"href":"https:\/\/www.geneslay.fr\/index.php?rest_route=\/wp\/v2\/users\/2"}],"replies":[{"embeddable":true,"href":"https:\/\/www.geneslay.fr\/index.php?rest_route=%2Fwp%2Fv2%2Fcomments&post=103"}],"version-history":[{"count":38,"href":"https:\/\/www.geneslay.fr\/index.php?rest_route=\/wp\/v2\/pages\/103\/revisions"}],"predecessor-version":[{"id":1093,"href":"https:\/\/www.geneslay.fr\/index.php?rest_route=\/wp\/v2\/pages\/103\/revisions\/1093"}],"wp:attachment":[{"href":"https:\/\/www.geneslay.fr\/index.php?rest_route=%2Fwp%2Fv2%2Fmedia&parent=103"}],"curies":[{"name":"wp","href":"https:\/\/api.w.org\/{rel}","templated":true}]}}